{"id":2085,"date":"2023-02-24T00:00:20","date_gmt":"2023-02-24T04:00:20","guid":{"rendered":"https:\/\/iconekta.com\/?page_id=2085"},"modified":"2025-04-04T10:04:54","modified_gmt":"2025-04-04T14:04:54","slug":"apply-for-membership-lfv","status":"publish","type":"page","link":"https:\/\/iconekta.com\/pt\/apply-for-membership-lfv\/","title":{"rendered":"Solicitud de membres\u00eda &#8211; Archivar"},"content":{"rendered":"<div data-elementor-type=\"wp-page\" data-elementor-id=\"2085\" class=\"elementor elementor-2085\">\n\t\t\t\t\t\t\t<div class=\"elementor-element elementor-element-1465dc38 e-flex e-con-boxed e-con\" data-id=\"1465dc38\" data-element_type=\"container\" data-settings=\"{&quot;background_background&quot;:&quot;classic&quot;,&quot;background_motion_fx_motion_fx_scrolling&quot;:&quot;yes&quot;,&quot;background_motion_fx_translateX_effect&quot;:&quot;yes&quot;,&quot;content_width&quot;:&quot;boxed&quot;,&quot;background_motion_fx_translateX_speed&quot;:{&quot;unit&quot;:&quot;px&quot;,&quot;size&quot;:4,&quot;sizes&quot;:[]},&quot;background_motion_fx_translateX_affectedRange&quot;:{&quot;unit&quot;:&quot;%&quot;,&quot;size&quot;:&quot;&quot;,&quot;sizes&quot;:{&quot;start&quot;:0,&quot;end&quot;:100}},&quot;background_motion_fx_devices&quot;:[&quot;desktop&quot;,&quot;tablet&quot;,&quot;mobile&quot;]}\">\n\t\t\t\t\t<div class=\"e-con-inner\">\n\t\t<div class=\"elementor-element elementor-element-31ec0a53 e-con-full dl-text-home-video e-flex elementor-invisible e-con\" data-id=\"31ec0a53\" data-element_type=\"container\" data-settings=\"{&quot;content_width&quot;:&quot;full&quot;,&quot;animation&quot;:&quot;fadeInLeft&quot;}\">\n\t\t\t\t<div class=\"elementor-element elementor-element-3bdccd3a elementor-widget__width-initial elementor-widget elementor-widget-hub_fancy_heading\" data-id=\"3bdccd3a\" data-element_type=\"widget\" data-widget_type=\"hub_fancy_heading.default\">\n\t\t\t\t<div class=\"elementor-widget-container\">\n\t\t\t\n\t\t<div id=\"ld-fancy-heading-69e7c9829921f\" class=\"ld-fancy-heading pos-rel\">\n\t\t\t<h1 class=\"ld-fh-element d-inline-block pos-rel  elementor-heading-title lqd-highlight-classic lqd-highlight-grow-left h1\"  > Solicitud de Membres\u00eda<\/h1>\t\t<\/div>\n\n\t\t\t\t<\/div>\n\t\t\t\t<\/div>\n\t\t\t\t<\/div>\n\t\t<div class=\"elementor-element elementor-element-5623bd68 e-con-full dl-stat-home-video e-flex e-con\" data-id=\"5623bd68\" data-element_type=\"container\" data-settings=\"{&quot;content_width&quot;:&quot;full&quot;}\">\n\t\t<div class=\"elementor-element elementor-element-6f1f2c9f e-con-full e-flex e-con\" data-id=\"6f1f2c9f\" data-element_type=\"container\" data-settings=\"{&quot;content_width&quot;:&quot;full&quot;}\">\n\t\t\t\t<div class=\"elementor-element elementor-element-74081945 elementor-invisible elementor-widget elementor-widget-heading\" data-id=\"74081945\" data-element_type=\"widget\" data-settings=\"{&quot;_animation&quot;:&quot;fadeInLeft&quot;}\" data-widget_type=\"heading.default\">\n\t\t\t\t<div class=\"elementor-widget-container\">\n\t\t\t<style>\/*! elementor - v3.14.0 - 26-06-2023 *\/\n.elementor-heading-title{padding:0;margin:0;line-height:1}.elementor-widget-heading .elementor-heading-title[class*=elementor-size-]>a{color:inherit;font-size:inherit;line-height:inherit}.elementor-widget-heading .elementor-heading-title.elementor-size-small{font-size:15px}.elementor-widget-heading .elementor-heading-title.elementor-size-medium{font-size:19px}.elementor-widget-heading .elementor-heading-title.elementor-size-large{font-size:29px}.elementor-widget-heading .elementor-heading-title.elementor-size-xl{font-size:39px}.elementor-widget-heading .elementor-heading-title.elementor-size-xxl{font-size:59px}<\/style><h2 class=\"elementor-heading-title elementor-size-large\">Beneficios<\/h2>\t\t<\/div>\n\t\t\t\t<\/div>\n\t\t<div class=\"elementor-element elementor-element-6ef8ecf3 e-con-full e-flex e-con\" data-id=\"6ef8ecf3\" data-element_type=\"container\" data-settings=\"{&quot;content_width&quot;:&quot;full&quot;}\">\n\t\t\t\t<div class=\"elementor-element elementor-element-b88b734 elementor-widget__width-initial elementor-invisible elementor-widget elementor-widget-ld_tabs\" data-id=\"b88b734\" data-element_type=\"widget\" data-settings=\"{&quot;_animation&quot;:&quot;fadeInUp&quot;}\" data-widget_type=\"ld_tabs.default\">\n\t\t\t\t<div class=\"elementor-widget-container\">\n\t\t\t\t\t<div class=\"lqd-tabs lqd-tabs-style-2 lqd-tabs-nav-iconbox d-flex lqd-tabs-nav-items-not-expanded flex-column b88b734 lqd-nav-underline-\" data-tabs-options='{\"trigger\":\"hover\"}'>\n\t\t\n\t\t\t<nav class=\"lqd-tabs-nav-wrap\">\n\t\t\t\t<ul class=\"reset-ul lqd-tabs-nav d-flex align-items-center justify-content-between flex-wrap pos-rel\" role=\"tablist\"><li data-controls=\"lqd-tab-1931\" role=\"presentation\" class=\"elementor-repeater-item-340fbff active mb-5\"><a class=\"d-block\" href=\"#lqd-tab-1931\" aria-expanded=\"false\" aria-controls=\"lqd-tab-1931\" role=\"tab\" data-toggle=\"tab\"><span class=\"lqd-tabs-nav-icon d-flex align-items-center\"><span class=\"lqd-tabs-nav-content d-block\"><span class=\"d-block h3 mt-0 mb-2\">Fideliza a tus clientes encontrando soluciones para sus necesidades de negocios<\/span><\/span><\/span><span class=\"lqd-tabs-nav-progress\"><span class=\"lqd-tabs-nav-progress-inner\"><\/span><\/span><\/a><\/li><li data-controls=\"lqd-tab-1932\" role=\"presentation\" class=\"elementor-repeater-item-130616c mb-5\"><a class=\"d-block\" href=\"#lqd-tab-1932\" aria-expanded=\"false\" aria-controls=\"lqd-tab-1932\" role=\"tab\" data-toggle=\"tab\"><span class=\"lqd-tabs-nav-icon d-flex align-items-center\"><span class=\"lqd-tabs-nav-content d-block\"><span class=\"d-block h3 mt-0 mb-2\">Ofrece tus servicios legales para ampliar tu networking y conectar con otras firmas<\/span><\/span><\/span><span class=\"lqd-tabs-nav-progress\"><span class=\"lqd-tabs-nav-progress-inner\"><\/span><\/span><\/a><\/li><li data-controls=\"lqd-tab-1933\" role=\"presentation\" class=\"elementor-repeater-item-e8a4466 mb-5\"><a class=\"d-block\" href=\"#lqd-tab-1933\" aria-expanded=\"false\" aria-controls=\"lqd-tab-1933\" role=\"tab\" data-toggle=\"tab\"><span class=\"lqd-tabs-nav-icon d-flex align-items-center\"><span class=\"lqd-tabs-nav-content d-block\"><span class=\"d-block h3 mt-0 mb-2\">Potencia a tu equipo facilitando las conexiones internas \u00a1Ten tu propia red de gesti\u00f3n comecial!<\/span><\/span><\/span><span class=\"lqd-tabs-nav-progress\"><span class=\"lqd-tabs-nav-progress-inner\"><\/span><\/span><\/a><\/li><\/ul>\t\t\t\t \n\t\t\t<\/nav>\n\t\t\n\t\t\t<div class=\"lqd-tabs-content pos-rel\"><div id=\"lqd-tab-1931\" role=\"tabpanel\" class=\"lqd-tabs-pane fade active in\"><p><span style=\"font-family: verdana, geneva, sans-serif; color: #ffffff;\">Genera valor identificando oportunidades estrat\u00e9gicas para tus clientes y ofreci\u00e9ndoles soluciones que fortalezcan su crecimiento y relaci\u00f3n con tu firma.<\/span><\/p> <\/div><div id=\"lqd-tab-1932\" role=\"tabpanel\" class=\"lqd-tabs-pane fade\"><div class=\"flex max-w-full flex-col flex-grow\"><div class=\"min-h-8 text-message relative flex w-full flex-col items-end gap-2 whitespace-normal break-words text-start [.text-message+&amp;]:mt-5\" dir=\"auto\" data-message-author-role=\"assistant\" data-message-id=\"0392e067-4636-4479-a0d9-9ff8c7772c8c\" data-message-model-slug=\"gpt-4o\"><div class=\"flex w-full flex-col gap-1 empty:hidden first:pt-[3px]\"><div class=\"markdown prose w-full break-words dark:prose-invert light\"><p data-start=\"259\" data-end=\"502\" data-is-last-node=\"\"><span style=\"color: #ffffff; font-family: verdana, geneva, sans-serif;\">Expande tu red profesional presentando tus servicios a potenciales aliados estrat\u00e9gicos y generando conexiones con firmas de todo LATAM<\/span><\/p><\/div><\/div><\/div><\/div> <\/div><div id=\"lqd-tab-1933\" role=\"tabpanel\" class=\"lqd-tabs-pane fade\"><div class=\"flex max-w-full flex-col flex-grow\"><div class=\"min-h-8 text-message relative flex w-full flex-col items-end gap-2 whitespace-normal break-words text-start [.text-message+&amp;]:mt-5\" dir=\"auto\" data-message-author-role=\"assistant\" data-message-id=\"3a7c3b53-c4ab-4be0-b17c-14bccf8903b6\" data-message-model-slug=\"gpt-4o\"><div class=\"flex w-full flex-col gap-1 empty:hidden first:pt-[3px]\"><div class=\"markdown prose w-full break-words dark:prose-invert light\"><p><span style=\"color: #ffffff; font-family: verdana, geneva, sans-serif;\">Optimiza la colaboraci\u00f3n dentro de tu firma con una red interna que agiliza la gesti\u00f3n comercial y mejora la comunicaci\u00f3n entre equipos, impulsando m\u00e1s y mejores oportunidades de negocio.<\/span><\/p><\/div><\/div><\/div><\/div> <\/div><\/div>\t\t\n\t\t<\/div>\n\t\t\t<\/div>\n\t\t\t\t<\/div>\n\t\t\t\t<\/div>\n\t\t\t\t<\/div>\n\t\t\t\t<\/div>\n\t\t\t\t\t<\/div>\n\t\t\t\t<\/div>\n\t\t<div class=\"elementor-element elementor-element-99e1df3 e-flex e-con-boxed e-con\" data-id=\"99e1df3\" data-element_type=\"container\" data-settings=\"{&quot;content_width&quot;:&quot;boxed&quot;}\">\n\t\t\t\t\t<div class=\"e-con-inner\">\n\t\t<div class=\"elementor-element elementor-element-d4e93c0 e-con-full e-flex e-con\" data-id=\"d4e93c0\" data-element_type=\"container\" data-settings=\"{&quot;content_width&quot;:&quot;full&quot;}\">\n\t\t\t\t<div class=\"elementor-element elementor-element-85f683e elementor-widget elementor-widget-hub_fancy_heading\" data-id=\"85f683e\" data-element_type=\"widget\" data-widget_type=\"hub_fancy_heading.default\">\n\t\t\t\t<div class=\"elementor-widget-container\">\n\t\t\t\n\t\t<div id=\"ld-fancy-heading-69e7c982a8a3a\" class=\"ld-fancy-heading pos-rel\">\n\t\t\t<h2 class=\"ld-fh-element d-inline-block pos-rel  elementor-heading-title lqd-highlight-classic lqd-highlight-grow-left h2\"  > Solicitud de membres\u00eda  <\/h2>\t\t<\/div>\n\n\t\t\t\t<\/div>\n\t\t\t\t<\/div>\n\t\t\t\t<div class=\"elementor-element elementor-element-718cca0 elementor-widget elementor-widget-html\" data-id=\"718cca0\" data-element_type=\"widget\" data-no-translation=\"\" data-widget_type=\"html.default\">\n\t\t\t\t<div class=\"elementor-widget-container\">\n\t\t\t<style>.elementor-element-718cca0{display:none !important}<\/style>\t\t<\/div>\n\t\t\t\t<\/div>\n\t\t\t\t<div class=\"elementor-element elementor-element-4648462 elementor-widget elementor-widget-html\" data-id=\"4648462\" data-element_type=\"widget\" data-no-translation=\"\" data-widget_type=\"html.default\">\n\t\t\t\t<div class=\"elementor-widget-container\">\n\t\t\t<style>.elementor-element-4648462{display:none !important}<\/style>\t\t<\/div>\n\t\t\t\t<\/div>\n\t\t\t\t<div class=\"elementor-element elementor-element-8add2a7 elementor-widget elementor-widget-html\" data-id=\"8add2a7\" data-element_type=\"widget\" data-no-translation=\"\" data-widget_type=\"html.default\">\n\t\t\t\t<div class=\"elementor-widget-container\">\n\t\t\t<script charset=\"utf-8\" type=\"text\/javascript\" src=\"\/\/js.hsforms.net\/forms\/embed\/v2.js\"><\/script>\n<script>\n  hbspt.forms.create({\n    region: \"na1\",\n    portalId: \"22732100\",\n    formId: \"7818a8e1-1e48-47ca-9841-aa423c533a0e\"\n\u00a0\u00a0});\n<\/script>\t\t<\/div>\n\t\t\t\t<\/div>\n\t\t\t\t<div class=\"elementor-element elementor-element-199427f elementor-widget elementor-widget-hub_fancy_heading\" data-id=\"199427f\" data-element_type=\"widget\" data-widget_type=\"hub_fancy_heading.default\">\n\t\t\t\t<div class=\"elementor-widget-container\">\n\t\t\t\n\t\t<div id=\"ld-fancy-heading-69e7c982ac6e8\" class=\"ld-fancy-heading pos-rel\">\n\t\t\t\t\t<\/div>\n\n\t\t\t\t<\/div>\n\t\t\t\t<\/div>\n\t\t\t\t<\/div>\n\t\t<div class=\"elementor-element elementor-element-9feacc0 e-con-full e-flex e-con\" data-id=\"9feacc0\" data-element_type=\"container\" data-settings=\"{&quot;content_width&quot;:&quot;full&quot;}\">\n\t\t\t\t<div class=\"elementor-element elementor-element-c77ccb3 elementor-invisible elementor-widget elementor-widget-image\" data-id=\"c77ccb3\" data-element_type=\"widget\" data-settings=\"{&quot;_animation&quot;:&quot;slideInLeft&quot;}\" data-widget_type=\"image.default\">\n\t\t\t\t<div class=\"elementor-widget-container\">\n\t\t\t<style>\/*! elementor - v3.14.0 - 26-06-2023 *\/\n.elementor-widget-image{text-align:center}.elementor-widget-image a{display:inline-block}.elementor-widget-image a img[src$=\".svg\"]{width:48px}.elementor-widget-image img{vertical-align:middle;display:inline-block}<\/style><style>.elementor-element-c77ccb3{display:none !important}<\/style>\t\t<\/div>\n\t\t\t\t<\/div>\n\t\t\t\t<div class=\"elementor-element elementor-element-175c29d elementor-invisible elementor-widget elementor-widget-image\" data-id=\"175c29d\" data-element_type=\"widget\" data-settings=\"{&quot;_animation&quot;:&quot;slideInLeft&quot;}\" data-widget_type=\"image.default\">\n\t\t\t\t<div class=\"elementor-widget-container\">\n\t\t\t\t\t\t\t\t\t\t\t\t\t\t\t<img decoding=\"async\" width=\"780\" height=\"585\" src=\"data:image\/svg+xml;charset=utf-8,%3Csvg xmlns%3D&#039;http%3A%2F%2Fwww.w3.org%2F2000%2Fsvg&#039; viewBox%3D&#039;0 0 1024 768&#039;%2F%3E\" class=\"attachment-large size-large wp-image-4648 ld-lazyload\" alt=\"\" data-src=\"https:\/\/iconekta.com\/wp-content\/uploads\/2025\/04\/Grey-Creative-Hand-drawn-Mind-Map-Brainstorm-1-1.png\" data-srcset=\"https:\/\/iconekta.com\/wp-content\/uploads\/2025\/04\/Grey-Creative-Hand-drawn-Mind-Map-Brainstorm-1-1.png 1024w, https:\/\/iconekta.com\/wp-content\/uploads\/2025\/04\/Grey-Creative-Hand-drawn-Mind-Map-Brainstorm-1-1-300x225.png 300w, https:\/\/iconekta.com\/wp-content\/uploads\/2025\/04\/Grey-Creative-Hand-drawn-Mind-Map-Brainstorm-1-1-16x12.png 16w\" data-sizes=\"(max-width: 780px) 100vw, 780px\" data-aspect=\"1.3333333333333\" \/>\t\t\t\t\t\t\t\t\t\t\t\t\t\t\t<\/div>\n\t\t\t\t<\/div>\n\t\t<div class=\"elementor-element elementor-element-4f6a9b4 e-con-full e-flex e-con\" data-id=\"4f6a9b4\" data-element_type=\"container\" data-settings=\"{&quot;content_width&quot;:&quot;full&quot;}\">\n\t\t\t\t<\/div>\n\t\t\t\t<\/div>\n\t\t\t\t\t<\/div>\n\t\t\t\t<\/div>\n\t\t\t\t\t\t\t<\/div>","protected":false},"excerpt":{"rendered":"<p>Solicitud de Membres\u00eda Beneficios Fideliza a tus clientes encontrando soluciones para sus necesidades de negocios Ofrece tus servicios legales para ampliar tu networking y conectar con otras firmas Potencia a tu equipo facilitando las conexiones internas \u00a1Ten tu propia red de gesti\u00f3n comecial! Genera valor identificando oportunidades estrat\u00e9gicas para tus clientes y ofreci\u00e9ndoles soluciones que [&hellip;]<\/p>","protected":false},"author":1,"featured_media":0,"parent":0,"menu_order":0,"comment_status":"closed","ping_status":"closed","template":"","meta":{"content-type":"","footnotes":""},"class_list":["post-2085","page","type-page","status-publish","hentry"],"yoast_head":"<!-- This site is optimized with the Yoast SEO plugin v23.8 - https:\/\/yoast.com\/wordpress\/plugins\/seo\/ -->\n<title>Solicitud de membres\u00eda - Archivar - Iconekta<\/title>\n<meta name=\"robots\" content=\"index, follow, max-snippet:-1, max-image-preview:large, max-video-preview:-1\" \/>\n<link rel=\"canonical\" href=\"https:\/\/iconekta.com\/pt\/apply-for-membership-lfv\/\" \/>\n<meta property=\"og:locale\" content=\"pt_BR\" \/>\n<meta property=\"og:type\" content=\"article\" \/>\n<meta property=\"og:title\" content=\"Solicitud de membres\u00eda - Archivar - Iconekta\" \/>\n<meta property=\"og:description\" content=\"Solicitud de Membres\u00eda Beneficios Fideliza a tus clientes encontrando soluciones para sus necesidades de negocios Ofrece tus servicios legales para ampliar tu networking y conectar con otras firmas Potencia a tu equipo facilitando las conexiones internas \u00a1Ten tu propia red de gesti\u00f3n comecial! Genera valor identificando oportunidades estrat\u00e9gicas para tus clientes y ofreci\u00e9ndoles soluciones que [&hellip;]\" \/>\n<meta property=\"og:url\" content=\"https:\/\/iconekta.com\/pt\/apply-for-membership-lfv\/\" \/>\n<meta property=\"og:site_name\" content=\"Iconekta\" \/>\n<meta property=\"article:publisher\" content=\"https:\/\/www.facebook.com\/iconekta\" \/>\n<meta property=\"article:modified_time\" content=\"2025-04-04T14:04:54+00:00\" \/>\n<meta property=\"og:image\" content=\"https:\/\/iconekta.com\/wp-content\/uploads\/2025\/04\/Grey-Creative-Hand-drawn-Mind-Map-Brainstorm.png\" \/>\n\t<meta property=\"og:image:width\" content=\"1024\" \/>\n\t<meta property=\"og:image:height\" content=\"768\" \/>\n\t<meta property=\"og:image:type\" content=\"image\/png\" \/>\n<meta name=\"twitter:card\" content=\"summary_large_image\" \/>\n<meta name=\"twitter:site\" content=\"@iconekta\" \/>\n<meta name=\"twitter:label1\" content=\"Est. tempo de leitura\" \/>\n\t<meta name=\"twitter:data1\" content=\"1 minuto\" \/>\n<script type=\"application\/ld+json\" class=\"yoast-schema-graph\">{\"@context\":\"https:\/\/schema.org\",\"@graph\":[{\"@type\":\"WebPage\",\"@id\":\"https:\/\/iconekta.com\/apply-for-membership-lfv\/\",\"url\":\"https:\/\/iconekta.com\/apply-for-membership-lfv\/\",\"name\":\"Solicitud de membres\u00eda - Archivar - Iconekta\",\"isPartOf\":{\"@id\":\"https:\/\/iconekta.com\/#website\"},\"primaryImageOfPage\":{\"@id\":\"https:\/\/iconekta.com\/apply-for-membership-lfv\/#primaryimage\"},\"image\":{\"@id\":\"https:\/\/iconekta.com\/apply-for-membership-lfv\/#primaryimage\"},\"thumbnailUrl\":\"https:\/\/iconekta.com\/wp-content\/uploads\/2025\/04\/Grey-Creative-Hand-drawn-Mind-Map-Brainstorm.png\",\"datePublished\":\"2023-02-24T04:00:20+00:00\",\"dateModified\":\"2025-04-04T14:04:54+00:00\",\"breadcrumb\":{\"@id\":\"https:\/\/iconekta.com\/apply-for-membership-lfv\/#breadcrumb\"},\"inLanguage\":\"pt-BR\",\"potentialAction\":[{\"@type\":\"ReadAction\",\"target\":[\"https:\/\/iconekta.com\/apply-for-membership-lfv\/\"]}]},{\"@type\":\"ImageObject\",\"inLanguage\":\"pt-BR\",\"@id\":\"https:\/\/iconekta.com\/apply-for-membership-lfv\/#primaryimage\",\"url\":\"https:\/\/iconekta.com\/wp-content\/uploads\/2025\/04\/Grey-Creative-Hand-drawn-Mind-Map-Brainstorm.png\",\"contentUrl\":\"https:\/\/iconekta.com\/wp-content\/uploads\/2025\/04\/Grey-Creative-Hand-drawn-Mind-Map-Brainstorm.png\"},{\"@type\":\"BreadcrumbList\",\"@id\":\"https:\/\/iconekta.com\/apply-for-membership-lfv\/#breadcrumb\",\"itemListElement\":[{\"@type\":\"ListItem\",\"position\":1,\"name\":\"Portada\",\"item\":\"https:\/\/iconekta.com\/\"},{\"@type\":\"ListItem\",\"position\":2,\"name\":\"Solicitud de membres\u00eda &#8211; Archivar\"}]},{\"@type\":\"WebSite\",\"@id\":\"https:\/\/iconekta.com\/#website\",\"url\":\"https:\/\/iconekta.com\/\",\"name\":\"Iconekta\",\"description\":\"Trust Builders\",\"publisher\":{\"@id\":\"https:\/\/iconekta.com\/#organization\"},\"potentialAction\":[{\"@type\":\"SearchAction\",\"target\":{\"@type\":\"EntryPoint\",\"urlTemplate\":\"https:\/\/iconekta.com\/?s={search_term_string}\"},\"query-input\":{\"@type\":\"PropertyValueSpecification\",\"valueRequired\":true,\"valueName\":\"search_term_string\"}}],\"inLanguage\":\"pt-BR\"},{\"@type\":\"Organization\",\"@id\":\"https:\/\/iconekta.com\/#organization\",\"name\":\"Iconekta\",\"url\":\"https:\/\/iconekta.com\/\",\"logo\":{\"@type\":\"ImageObject\",\"inLanguage\":\"pt-BR\",\"@id\":\"https:\/\/iconekta.com\/#\/schema\/logo\/image\/\",\"url\":\"https:\/\/iconekta.com\/wp-content\/uploads\/2024\/03\/iconektaBOG-blue.png\",\"contentUrl\":\"https:\/\/iconekta.com\/wp-content\/uploads\/2024\/03\/iconektaBOG-blue.png\",\"width\":500,\"height\":138,\"caption\":\"Iconekta\"},\"image\":{\"@id\":\"https:\/\/iconekta.com\/#\/schema\/logo\/image\/\"},\"sameAs\":[\"https:\/\/www.facebook.com\/iconekta\",\"https:\/\/x.com\/iconekta\",\"https:\/\/bo.linkedin.com\/company\/iconekta\",\"https:\/\/www.instagram.com\/iconekta\"]}]}<\/script>\n<!-- \/ Yoast SEO plugin. -->","yoast_head_json":{"title":"Solicitud de membres\u00eda - Archivar - Iconekta","robots":{"index":"index","follow":"follow","max-snippet":"max-snippet:-1","max-image-preview":"max-image-preview:large","max-video-preview":"max-video-preview:-1"},"canonical":"https:\/\/iconekta.com\/pt\/apply-for-membership-lfv\/","og_locale":"pt_BR","og_type":"article","og_title":"Solicitud de membres\u00eda - Archivar - Iconekta","og_description":"Solicitud de Membres\u00eda Beneficios Fideliza a tus clientes encontrando soluciones para sus necesidades de negocios Ofrece tus servicios legales para ampliar tu networking y conectar con otras firmas Potencia a tu equipo facilitando las conexiones internas \u00a1Ten tu propia red de gesti\u00f3n comecial! Genera valor identificando oportunidades estrat\u00e9gicas para tus clientes y ofreci\u00e9ndoles soluciones que [&hellip;]","og_url":"https:\/\/iconekta.com\/pt\/apply-for-membership-lfv\/","og_site_name":"Iconekta","article_publisher":"https:\/\/www.facebook.com\/iconekta","article_modified_time":"2025-04-04T14:04:54+00:00","og_image":[{"width":1024,"height":768,"url":"https:\/\/iconekta.com\/wp-content\/uploads\/2025\/04\/Grey-Creative-Hand-drawn-Mind-Map-Brainstorm.png","type":"image\/png"}],"twitter_card":"summary_large_image","twitter_site":"@iconekta","twitter_misc":{"Est. tempo de leitura":"1 minuto"},"schema":{"@context":"https:\/\/schema.org","@graph":[{"@type":"WebPage","@id":"https:\/\/iconekta.com\/apply-for-membership-lfv\/","url":"https:\/\/iconekta.com\/apply-for-membership-lfv\/","name":"Solicitud de membres\u00eda - Archivar - Iconekta","isPartOf":{"@id":"https:\/\/iconekta.com\/#website"},"primaryImageOfPage":{"@id":"https:\/\/iconekta.com\/apply-for-membership-lfv\/#primaryimage"},"image":{"@id":"https:\/\/iconekta.com\/apply-for-membership-lfv\/#primaryimage"},"thumbnailUrl":"https:\/\/iconekta.com\/wp-content\/uploads\/2025\/04\/Grey-Creative-Hand-drawn-Mind-Map-Brainstorm.png","datePublished":"2023-02-24T04:00:20+00:00","dateModified":"2025-04-04T14:04:54+00:00","breadcrumb":{"@id":"https:\/\/iconekta.com\/apply-for-membership-lfv\/#breadcrumb"},"inLanguage":"pt-BR","potentialAction":[{"@type":"ReadAction","target":["https:\/\/iconekta.com\/apply-for-membership-lfv\/"]}]},{"@type":"ImageObject","inLanguage":"pt-BR","@id":"https:\/\/iconekta.com\/apply-for-membership-lfv\/#primaryimage","url":"https:\/\/iconekta.com\/wp-content\/uploads\/2025\/04\/Grey-Creative-Hand-drawn-Mind-Map-Brainstorm.png","contentUrl":"https:\/\/iconekta.com\/wp-content\/uploads\/2025\/04\/Grey-Creative-Hand-drawn-Mind-Map-Brainstorm.png"},{"@type":"BreadcrumbList","@id":"https:\/\/iconekta.com\/apply-for-membership-lfv\/#breadcrumb","itemListElement":[{"@type":"ListItem","position":1,"name":"Portada","item":"https:\/\/iconekta.com\/"},{"@type":"ListItem","position":2,"name":"Solicitud de membres\u00eda &#8211; Archivar"}]},{"@type":"WebSite","@id":"https:\/\/iconekta.com\/#website","url":"https:\/\/iconekta.com\/","name":"Iconekta","description":"Trust Builders","publisher":{"@id":"https:\/\/iconekta.com\/#organization"},"potentialAction":[{"@type":"SearchAction","target":{"@type":"EntryPoint","urlTemplate":"https:\/\/iconekta.com\/?s={search_term_string}"},"query-input":{"@type":"PropertyValueSpecification","valueRequired":true,"valueName":"search_term_string"}}],"inLanguage":"pt-BR"},{"@type":"Organization","@id":"https:\/\/iconekta.com\/#organization","name":"Iconekta","url":"https:\/\/iconekta.com\/","logo":{"@type":"ImageObject","inLanguage":"pt-BR","@id":"https:\/\/iconekta.com\/#\/schema\/logo\/image\/","url":"https:\/\/iconekta.com\/wp-content\/uploads\/2024\/03\/iconektaBOG-blue.png","contentUrl":"https:\/\/iconekta.com\/wp-content\/uploads\/2024\/03\/iconektaBOG-blue.png","width":500,"height":138,"caption":"Iconekta"},"image":{"@id":"https:\/\/iconekta.com\/#\/schema\/logo\/image\/"},"sameAs":["https:\/\/www.facebook.com\/iconekta","https:\/\/x.com\/iconekta","https:\/\/bo.linkedin.com\/company\/iconekta","https:\/\/www.instagram.com\/iconekta"]}]}},"_links":{"self":[{"href":"https:\/\/iconekta.com\/pt\/wp-json\/wp\/v2\/pages\/2085","targetHints":{"allow":["GET"]}}],"collection":[{"href":"https:\/\/iconekta.com\/pt\/wp-json\/wp\/v2\/pages"}],"about":[{"href":"https:\/\/iconekta.com\/pt\/wp-json\/wp\/v2\/types\/page"}],"author":[{"embeddable":true,"href":"https:\/\/iconekta.com\/pt\/wp-json\/wp\/v2\/users\/1"}],"replies":[{"embeddable":true,"href":"https:\/\/iconekta.com\/pt\/wp-json\/wp\/v2\/comments?post=2085"}],"version-history":[{"count":64,"href":"https:\/\/iconekta.com\/pt\/wp-json\/wp\/v2\/pages\/2085\/revisions"}],"predecessor-version":[{"id":4651,"href":"https:\/\/iconekta.com\/pt\/wp-json\/wp\/v2\/pages\/2085\/revisions\/4651"}],"wp:attachment":[{"href":"https:\/\/iconekta.com\/pt\/wp-json\/wp\/v2\/media?parent=2085"}],"curies":[{"name":"wp","href":"https:\/\/api.w.org\/{rel}","templated":true}]}}